{"id":1355,"date":"2020-06-18T06:18:28","date_gmt":"2020-06-18T06:18:28","guid":{"rendered":"https:\/\/dev.artemsemkin.com\/rhye\/wp\/?page_id=1355"},"modified":"2025-01-08T20:17:51","modified_gmt":"2025-01-08T20:17:51","slug":"slider-1-distortion-h","status":"publish","type":"page","link":"https:\/\/fakhriyyaliyeva.com\/en\/","title":{"rendered":"Slider 1 Distortion \/ H"},"content":{"rendered":"<div data-elementor-type=\"wp-page\" data-elementor-id=\"1355\" class=\"elementor elementor-1355\">\n\t\t\t\t\t\t\t\t\t<section class=\"elementor-section elementor-top-section elementor-element elementor-element-d1e1f1d elementor-section-full_width bg-dark-1 arts-elementor-theme-light elementor-section-height-default elementor-section-height-default\" data-id=\"d1e1f1d\" data-element_type=\"section\" data-settings=\"{&quot;theme_section_color&quot;:&quot;bg-dark-1&quot;,&quot;theme_section_main_theme_text&quot;:&quot;arts-elementor-theme-light&quot;}\">\n\t\t\t\t\t\t<div class=\"elementor-container elementor-column-gap-no\">\n\t\t\t\t\t<div class=\"elementor-column elementor-col-100 elementor-top-column elementor-element elementor-element-b4dfc68\" data-id=\"b4dfc68\" data-element_type=\"column\">\n\t\t\t<div class=\"elementor-widget-wrap elementor-element-populated\">\n\t\t\t\t\t\t\t\t<div class=\"elementor-element elementor-element-a4fe38e elementor-widget elementor-widget-rhye-widget-portfolio-fullscreen-slider\" data-id=\"a4fe38e\" data-element_type=\"widget\" data-widget_type=\"rhye-widget-portfolio-fullscreen-slider.default\">\n\t\t\t\t<div class=\"elementor-widget-container\">\n\t\t\t\n\t\t\t\t\t\t\t\t<div class=\"section section-fullheight section-projects section-projects-slider overflow text-left\" data-arts-os-animation=\"true\">\n\t\t\t\t<div class=\"section-fullheight__inner section-fullheight__inner_mobile\">\n\t\t\t\t\t<div class=\"slider slider-fullscreen-projects js-slider-fullscreen-projects js-slider\">\n\t\t\t\t\t\t<!-- slider CONTENT -->\n\t\t\t\t\t\t<div class=\"slider-fullscreen-projects__content swiper swiper-container js-slider-fullscreen-projects__content pointer-events-none slider-fullscreen-projects__content_reduced-sides\">\n\t\t\t\t\t\t\t<div class=\"swiper-wrapper\">\n\t\t\t\t\t\t\t\t\t\t\t\t\t\t\t\t\t\t\t\t\t\t\t\t\t\t<div class=\"swiper-slide\">\n\t\t\t\t\t\t\t\t\t\t\t\t\t\t\t\t\t\t\t\t\t\t\t\t\t\t\t\t\t\t\t\t<h2  class=\"slider__heading h1 split-text js-split-text\" data-split-text-type=\"lines, words, chars\" data-split-text-set=\"chars\">Who is Fakhriya Aliyeva?<\/h2>\n\t\t\t\t\t\t\t\t\t\t\t\t\t\t\t\t\t\t\t\t\t\t\t\t\t\t\t\t\t\t\t\t\t\t<div class=\"slider__wrapper-button mt-2 pb-1 pointer-events-auto\">\n\t\t\t\t\t\t\t\t\t\t\t\t\t\t\t\t\t\t\t\t\t\t\t\t\t\t<a class=\"button button_bordered bg-white\" data-pjax-link=\"fullscreenSlider\" data-hover=\"Daha \u018ftrafl\u0131\" href=\"https:\/\/fakhriyyaliyeva.com\/en\/haqqinda\/\">\n\t\t\t\t\t\t\t\t\t\t\t\t\t\t<span class=\"button__label-hover\">More details<\/span>\n\t\t\t\t\t\t\t\t\t\t\t\t\t<\/a>\n\t\t\t\t\t\t\t\t\t\t\t\t<\/div>\n\t\t\t\t\t\t\t\t\t\t\t\t\t\t\t\t\t\t\t\t\t\t\t\t\t\t\t\t\t\t\t\t\t\t\t\t\t\t\t\t<\/div>\n\t\t\t\t\t\t\t\t\t\t\t\t\t\t\t\t\t\t\t\t\t\t\t\t\t\t<div class=\"swiper-slide\">\n\t\t\t\t\t\t\t\t\t\t\t\t\t\t\t\t\t\t\t\t\t\t\t\t\t\t\t\t\t\t\t\t<h2  class=\"slider__heading h1 split-text js-split-text\" data-split-text-type=\"lines, words, chars\" data-split-text-set=\"chars\">Exhibitions I have attended<\/h2>\n\t\t\t\t\t\t\t\t\t\t\t\t\t\t\t\t\t\t\t\t\t\t\t\t\t\t\t\t\t\t\t\t\t\t<div class=\"slider__wrapper-button mt-2 pb-1 pointer-events-auto\">\n\t\t\t\t\t\t\t\t\t\t\t\t\t\t\t\t\t\t\t\t\t\t\t\t\t\t<a class=\"button button_bordered bg-white\" data-pjax-link=\"fullscreenSlider\" data-hover=\"Daha \u018ftrafl\u0131\" href=\"https:\/\/fakhriyyaliyeva.com\/en\/fealiyyetlerim\/\">\n\t\t\t\t\t\t\t\t\t\t\t\t\t\t<span class=\"button__label-hover\">More details<\/span>\n\t\t\t\t\t\t\t\t\t\t\t\t\t<\/a>\n\t\t\t\t\t\t\t\t\t\t\t\t<\/div>\n\t\t\t\t\t\t\t\t\t\t\t\t\t\t\t\t\t\t\t\t\t\t\t\t\t\t\t\t\t\t\t\t\t\t\t\t\t\t\t\t<\/div>\n\t\t\t\t\t\t\t\t\t\t\t\t\t\t\t\t\t\t\t\t\t\t\t\t\t\t<div class=\"swiper-slide\">\n\t\t\t\t\t\t\t\t\t\t\t\t\t\t\t\t\t\t\t\t\t\t\t\t\t\t\t\t\t\t\t\t<h2  class=\"slider__heading h1 split-text js-split-text\" data-split-text-type=\"lines, words, chars\" data-split-text-set=\"chars\">My Assignments<\/h2>\n\t\t\t\t\t\t\t\t\t\t\t\t\t\t\t\t\t\t\t\t\t\t\t\t\t\t\t\t\t\t\t\t\t\t<div class=\"slider__wrapper-button mt-2 pb-1 pointer-events-auto\">\n\t\t\t\t\t\t\t\t\t\t\t\t\t\t\t\t\t\t\t\t\t\t\t\t\t\t<a class=\"button button_bordered bg-white\" data-pjax-link=\"fullscreenSlider\" data-hover=\"Daha \u018ftrafl\u0131\" href=\"https:\/\/fakhriyyaliyeva.com\/en\/portfolio\/\">\n\t\t\t\t\t\t\t\t\t\t\t\t\t\t<span class=\"button__label-hover\">More details<\/span>\n\t\t\t\t\t\t\t\t\t\t\t\t\t<\/a>\n\t\t\t\t\t\t\t\t\t\t\t\t<\/div>\n\t\t\t\t\t\t\t\t\t\t\t\t\t\t\t\t\t\t\t\t\t\t\t\t\t\t\t\t\t\t\t\t\t\t\t\t\t\t\t\t<\/div>\n\t\t\t\t\t\t\t\t\t\t\t\t\t\t\t\t\t\t\t\t\t\t\t\t\t\t<div class=\"swiper-slide\">\n\t\t\t\t\t\t\t\t\t\t\t\t\t\t\t\t\t\t\t\t\t\t\t\t\t\t\t\t\t\t\t\t<h2  class=\"slider__heading h1 split-text js-split-text\" data-split-text-type=\"lines, words, chars\" data-split-text-set=\"chars\">BF Home Studio<\/h2>\n\t\t\t\t\t\t\t\t\t\t\t\t\t\t\t\t\t\t\t\t\t\t\t\t\t\t\t\t\t\t\t\t\t\t<div class=\"slider__wrapper-button mt-2 pb-1 pointer-events-auto\">\n\t\t\t\t\t\t\t\t\t\t\t\t\t\t\t\t\t\t\t\t\t\t\t\t\t\t<a class=\"button button_bordered bg-white\" data-pjax-link=\"fullscreenSlider\" data-hover=\"Daha \u018ftrafl\u0131\" href=\"https:\/\/fakhriyyaliyeva.com\/en\/elaqe\/\">\n\t\t\t\t\t\t\t\t\t\t\t\t\t\t<span class=\"button__label-hover\">More details<\/span>\n\t\t\t\t\t\t\t\t\t\t\t\t\t<\/a>\n\t\t\t\t\t\t\t\t\t\t\t\t<\/div>\n\t\t\t\t\t\t\t\t\t\t\t\t\t\t\t\t\t\t\t\t\t\t\t\t\t\t\t\t\t\t\t\t\t\t\t\t\t\t\t\t<\/div>\n\t\t\t\t\t\t\t\t\t\t\t\t\t\t\t<\/div>\n\t\t\t\t\t\t<\/div>\n\t\t\t\t\t\t<!-- - slider CONTENT -->\n\n\t\t\t\t\t\t<!-- slider IMAGES -->\n\t\t\t\t\t\t<div class=\"slider-fullscreen-projects__images swiper swiper-container js-slider-fullscreen-projects__images\" data-speed=\"1200\" data-direction=\"horizontal\" data-transition-effect=\"distortion\" data-touch-ratio=\"1.5\" data-counter-style=\"roman\" data-counter-add-zeros=\"\" data-autoplay-enabled=\"true\" data-autoplay-delay=\"6000\" data-mousewheel-enabled=\"true\" data-keyboard-enabled=\"true\" data-transition-displacement-img=\"https:\/\/fakhriyyaliyeva.com\/wp-content\/themes\/rhye\/img\/general\/bg-displacement-7.jpg\" data-prefetch-active-slide-transition=\"true\" data-aspect-ratio=\"1.5005861664713\">\n\t\t\t\t\t\t\t<div class=\"swiper-wrapper\">\n\t\t\t\t\t\t\t\t\t\t\t\t\t\t\t\t\t\t\t<div class=\"swiper-slide overflow d-flex-centered\">\n\t\t\t\t\t\t\t\t\t\t\t<div class=\"slider__images-slide-inner js-transition-img overflow\">\n\t\t\t\t\t\t\t\t\t\t\t\t\t\t\t\t\t\t\t\t\t\t\t\t\t\t\t\t<img loading=\"lazy\" decoding=\"async\" class=\"slider__bg js-transition-img__transformed-el texture of-cover\" src=\"data:image\/png;base64,iVBORw0KGgoAAAANSUhEUgAAAAEAAAABCAQAAAHCGzyUAAAABGdBTUEAALGPC\/xhBQAAADhlWElmTU0AKgAAAAgAAYdpAAQAAAABAAAAGgAAAAAAAqACAAQAAAABAAAAAaADAAQAAAABAAAAAQAAAADa6r\/EAAAAC0lEQVQI12NolQQAASYAn89qhTcAAAAASUVORK5CYII=\" data-src=\"https:\/\/fakhriyyaliyeva.com\/wp-content\/uploads\/2020\/05\/photo1701109439.jpeg\" width=\"1280\" height=\"853\"  data-srcset=\"https:\/\/fakhriyyaliyeva.com\/wp-content\/uploads\/2020\/05\/photo1701109439.jpeg 1280w, https:\/\/fakhriyyaliyeva.com\/wp-content\/uploads\/2020\/05\/photo1701109439-300x200.jpeg 300w, https:\/\/fakhriyyaliyeva.com\/wp-content\/uploads\/2020\/05\/photo1701109439-1024x682.jpeg 1024w, https:\/\/fakhriyyaliyeva.com\/wp-content\/uploads\/2020\/05\/photo1701109439-768x512.jpeg 768w\"   data-sizes=\"(max-width: 1280px) 100vw, 1280px\"  alt=\"\" \/>\n\t\t\t\t\t\t\t\t\t\t\t\t\t\t\t\t\t\t\t\t\t\t\t\t\t\t\t\t\t\t\t<\/div>\n\t\t\t\t\t\t\t\t\t\t<\/div>\n\t\t\t\t\t\t\t\t\t\t\t\t\t\t\t\t\t\t\t<div class=\"swiper-slide overflow d-flex-centered\">\n\t\t\t\t\t\t\t\t\t\t\t<div class=\"slider__images-slide-inner js-transition-img overflow\">\n\t\t\t\t\t\t\t\t\t\t\t\t\t\t\t\t\t\t\t\t\t\t\t\t\t\t\t\t<img loading=\"lazy\" decoding=\"async\" class=\"slider__bg js-transition-img__transformed-el texture of-cover\" src=\"data:image\/png;base64,iVBORw0KGgoAAAANSUhEUgAAAAEAAAABCAQAAAHCGzyUAAAABGdBTUEAALGPC\/xhBQAAADhlWElmTU0AKgAAAAgAAYdpAAQAAAABAAAAGgAAAAAAAqACAAQAAAABAAAAAaADAAQAAAABAAAAAQAAAADa6r\/EAAAAC0lEQVQI12NolQQAASYAn89qhTcAAAAASUVORK5CYII=\" data-src=\"https:\/\/fakhriyyaliyeva.com\/wp-content\/uploads\/2020\/06\/IMG_4480.jpg\" width=\"1440\" height=\"961\"  data-srcset=\"https:\/\/fakhriyyaliyeva.com\/wp-content\/uploads\/2020\/06\/IMG_4480.jpg 1440w, https:\/\/fakhriyyaliyeva.com\/wp-content\/uploads\/2020\/06\/IMG_4480-300x200.jpg 300w, https:\/\/fakhriyyaliyeva.com\/wp-content\/uploads\/2020\/06\/IMG_4480-1024x683.jpg 1024w, https:\/\/fakhriyyaliyeva.com\/wp-content\/uploads\/2020\/06\/IMG_4480-768x513.jpg 768w\"   data-sizes=\"(max-width: 1440px) 100vw, 1440px\"  alt=\"\" \/>\n\t\t\t\t\t\t\t\t\t\t\t\t\t\t\t\t\t\t\t\t\t\t\t\t\t\t\t\t\t\t\t<\/div>\n\t\t\t\t\t\t\t\t\t\t<\/div>\n\t\t\t\t\t\t\t\t\t\t\t\t\t\t\t\t\t\t\t<div class=\"swiper-slide overflow d-flex-centered\">\n\t\t\t\t\t\t\t\t\t\t\t<div class=\"slider__images-slide-inner js-transition-img overflow\">\n\t\t\t\t\t\t\t\t\t\t\t\t\t\t\t\t\t\t\t\t\t\t\t\t\t\t\t\t<img loading=\"lazy\" decoding=\"async\" class=\"slider__bg js-transition-img__transformed-el texture of-cover\" src=\"data:image\/png;base64,iVBORw0KGgoAAAANSUhEUgAAAAEAAAABCAQAAAHCGzyUAAAABGdBTUEAALGPC\/xhBQAAADhlWElmTU0AKgAAAAgAAYdpAAQAAAABAAAAGgAAAAAAAqACAAQAAAABAAAAAaADAAQAAAABAAAAAQAAAADa6r\/EAAAAC0lEQVQI12NolQQAASYAn89qhTcAAAAASUVORK5CYII=\" data-src=\"https:\/\/fakhriyyaliyeva.com\/wp-content\/uploads\/2023\/12\/img-5.png\" width=\"1920\" height=\"1280\"  data-srcset=\"https:\/\/fakhriyyaliyeva.com\/wp-content\/uploads\/2023\/12\/img-5.png 1920w, https:\/\/fakhriyyaliyeva.com\/wp-content\/uploads\/2023\/12\/img-5-300x200.png 300w, https:\/\/fakhriyyaliyeva.com\/wp-content\/uploads\/2023\/12\/img-5-1024x683.png 1024w, https:\/\/fakhriyyaliyeva.com\/wp-content\/uploads\/2023\/12\/img-5-768x512.png 768w, https:\/\/fakhriyyaliyeva.com\/wp-content\/uploads\/2023\/12\/img-5-1536x1024.png 1536w\"   data-sizes=\"(max-width: 1920px) 100vw, 1920px\"  alt=\"\" \/>\n\t\t\t\t\t\t\t\t\t\t\t\t\t\t\t\t\t\t\t\t\t\t\t\t\t\t\t\t\t\t\t<\/div>\n\t\t\t\t\t\t\t\t\t\t<\/div>\n\t\t\t\t\t\t\t\t\t\t\t\t\t\t\t\t\t\t\t<div class=\"swiper-slide overflow d-flex-centered\">\n\t\t\t\t\t\t\t\t\t\t\t<div class=\"slider__images-slide-inner js-transition-img overflow\">\n\t\t\t\t\t\t\t\t\t\t\t\t\t\t\t\t\t\t\t\t\t\t\t\t\t\t\t\t<img loading=\"lazy\" decoding=\"async\" class=\"slider__bg js-transition-img__transformed-el texture of-cover\" src=\"data:image\/png;base64,iVBORw0KGgoAAAANSUhEUgAAAAEAAAABCAQAAAHCGzyUAAAABGdBTUEAALGPC\/xhBQAAADhlWElmTU0AKgAAAAgAAYdpAAQAAAABAAAAGgAAAAAAAqACAAQAAAABAAAAAaADAAQAAAABAAAAAQAAAADa6r\/EAAAAC0lEQVQI12NolQQAASYAn89qhTcAAAAASUVORK5CYII=\" data-src=\"https:\/\/fakhriyyaliyeva.com\/wp-content\/uploads\/2024\/01\/IMG_6207-1.png\" width=\"3024\" height=\"4032\"  data-srcset=\"https:\/\/fakhriyyaliyeva.com\/wp-content\/uploads\/2024\/01\/IMG_6207-1.png 3024w, https:\/\/fakhriyyaliyeva.com\/wp-content\/uploads\/2024\/01\/IMG_6207-1-225x300.png 225w, https:\/\/fakhriyyaliyeva.com\/wp-content\/uploads\/2024\/01\/IMG_6207-1-768x1024.png 768w, https:\/\/fakhriyyaliyeva.com\/wp-content\/uploads\/2024\/01\/IMG_6207-1-1152x1536.png 1152w, https:\/\/fakhriyyaliyeva.com\/wp-content\/uploads\/2024\/01\/IMG_6207-1-1536x2048.png 1536w, https:\/\/fakhriyyaliyeva.com\/wp-content\/uploads\/2024\/01\/IMG_6207-1-9x12.png 9w\"   data-sizes=\"(max-width: 3024px) 100vw, 3024px\"  alt=\"\" \/>\n\t\t\t\t\t\t\t\t\t\t\t\t\t\t\t\t\t\t\t\t\t\t\t\t\t\t\t\t\t\t\t<\/div>\n\t\t\t\t\t\t\t\t\t\t<\/div>\n\t\t\t\t\t\t\t\t\t\t\t\t\t\t\t\t<\/div>\n\t\t\t\t\t\t<\/div>\n\t\t\t\t\t\t<!-- - slider IMAGES -->\n\n\t\t\t\t\t\t<!-- overlay -->\n\t\t\t\t\t\t<div class=\"slider__overlay slider__overlay_z-55 overlay\"><\/div>\n\t\t\t\t\t\t\t\t\t\t\t\t\t<div class=\"slider__circle\"><div class=\"slider__circle-geometry\"><\/div><\/div>\n\t\t\t\t\t\t\t\t\t\t\t\t<!-- - overlay -->\n\n\t\t\t\t\t\t\t\t\t\t\t\t\t\t\t\t\t\t\t<div class=\"slider-fullscreen-projects__footer\">\n\t\t\t\t\t\t\t\t<!-- slider DOTS -->\n\t\t\t\t\t\t\t\t<div class=\"slider__dots js-slider__dots\"><\/div>\n\t\t\t\t\t\t\t\t<!-- - slider DOTS -->\n\t\t\t\t\t\t\t<\/div>\n\t\t\t\t\t\t\n\t\t\t\t\t\t\t\t\t\t\t\t\t<!-- slider COUNTER -->\n\t\t\t\t\t\t\t<div class=\"slider__wrapper-counter slider-fullscreen-projects__counter slider-fullscreen-projects__counter_right\">\n\t\t\t\t\t\t\t\t<div class=\"slider__counter slider__counter_current\">\n\t\t\t\t\t\t\t\t\t<div class=\"js-slider-fullscreen-projects__counter-current swiper swiper-container\">\n\t\t\t\t\t\t\t\t\t\t<div class=\"swiper-wrapper\"><\/div>\n\t\t\t\t\t\t\t\t\t<\/div>\n\t\t\t\t\t\t\t\t<\/div>\n\t\t\t\t\t\t\t\t<div class=\"slider__counter-divider slider-fullscreen__counter-divider\"><\/div>\n\t\t\t\t\t\t\t\t<div class=\"slider__counter slider__counter_total js-slider-fullscreen-projects__counter-total\"><\/div>\n\t\t\t\t\t\t\t<\/div>\n\t\t\t\t\t\t\t<!-- - slider COUNTER -->\n\t\t\t\t\t\t\n\t\t\t\t\t\t\t\t\t\t\t\t\t\t\t\t\t\t\t\t\t<div class=\"slider__wrapper-arrows slider__wrapper-arrows_right\">\n\t\t\t\t\t\t\t\t\t<div class=\"slider__arrow js-slider__arrow-prev\">\n\t\t\t\t\t\t\t\t\t\t\t\t<div class=\"js-arrow arrow arrow-left\" data-arts-cursor=\"true\" data-arts-cursor-scale=\"0\" data-arts-cursor-magnetic=\"true\" data-arts-cursor-hide-native=\"true\">\n\t\t\t<svg class=\"svg-circle\" viewbox=\"0 0 60 60\" width=\"60\" height=\"60\" version=\"1.1\" xmlns=\"http:\/\/www.w3.org\/2000\/svg\" xmlns:xlink=\"http:\/\/www.w3.org\/1999\/xlink\">\n\t<circle class=\"circle\" cx=\"30\" cy=\"30\" r=\"29\" fill=\"none\"><\/circle>\n<\/svg>\n\t\t\t<div class=\"arrow__pointer arrow-left__pointer\"><\/div>\n\t\t\t<div class=\"arrow__triangle\"><\/div>\n\t\t<\/div>\n\t\t\t\t\t\t\t\t\t\t\t<\/div>\n\t\t\t\t\t\t\t\t\t<div class=\"slider__arrow js-slider__arrow-next\">\n\t\t\t\t\t\t\t\t\t\t\t\t<div class=\"js-arrow arrow arrow-right\" data-arts-cursor=\"true\" data-arts-cursor-scale=\"0\" data-arts-cursor-magnetic=\"true\" data-arts-cursor-hide-native=\"true\">\n\t\t\t<svg class=\"svg-circle\" viewbox=\"0 0 60 60\" width=\"60\" height=\"60\" version=\"1.1\" xmlns=\"http:\/\/www.w3.org\/2000\/svg\" xmlns:xlink=\"http:\/\/www.w3.org\/1999\/xlink\">\n\t<circle class=\"circle\" cx=\"30\" cy=\"30\" r=\"29\" fill=\"none\"><\/circle>\n<\/svg>\n\t\t\t<div class=\"arrow__pointer arrow-right__pointer\"><\/div>\n\t\t\t<div class=\"arrow__triangle\"><\/div>\n\t\t<\/div>\n\t\t\t\t\t\t\t\t\t\t\t<\/div>\n\t\t\t\t\t\t\t\t<\/div>\n\t\t\t\t\t\t\t\t\t\t\t\t\t\n\t\t\t\t\t\t\t\t\t\t\t\t\t<!-- slider CANVAS -->\n\t\t\t\t\t\t\t<div class=\"slider__wrapper-canvas d-flex-centered\">\n\t\t\t\t\t\t\t\t<div class=\"slider__wrapper-canvas-inner slider__wrapper-canvas-inner_no-zoom\">\n\t\t\t\t\t\t\t\t\t<canvas class=\"slider__canvas\"><\/canvas>\n\t\t\t\t\t\t\t\t<\/div>\n\t\t\t\t\t\t\t<\/div>\n\t\t\t\t\t\t\t<!-- - slider CANVAS -->\n\t\t\t\t\t\t\t\t\t\t\t<\/div>\n\t\t\t\t<\/div>\n\t\t\t<\/div>\n\t\t\n\t\t\t\t<\/div>\n\t\t\t\t<\/div>\n\t\t\t\t\t<\/div>\n\t\t<\/div>\n\t\t\t\t\t\t\t<\/div>\n\t\t<\/section>\n\t\t\t\t\t\t\t<\/div>","protected":false},"excerpt":{"rendered":"<p>F\u0259xriyy\u0259 \u018fliyeva Kimdir? Daha \u018ftrafl\u0131 \u0130\u015ftirak Etdiyim S\u0259rgil\u0259r Daha \u018ftrafl\u0131 T\u0259hvil Verdiyim \u0130\u015fl\u0259r Daha \u018ftrafl\u0131 BF Home Studio Daha \u018ftrafl\u0131<\/p>","protected":false},"author":1,"featured_media":0,"parent":0,"menu_order":0,"comment_status":"closed","ping_status":"closed","template":"elementor_header_footer","meta":{"footnotes":""},"acf":[],"_links":{"self":[{"href":"https:\/\/fakhriyyaliyeva.com\/en\/wp-json\/wp\/v2\/pages\/1355"}],"collection":[{"href":"https:\/\/fakhriyyaliyeva.com\/en\/wp-json\/wp\/v2\/pages"}],"about":[{"href":"https:\/\/fakhriyyaliyeva.com\/en\/wp-json\/wp\/v2\/types\/page"}],"author":[{"embeddable":true,"href":"https:\/\/fakhriyyaliyeva.com\/en\/wp-json\/wp\/v2\/users\/1"}],"replies":[{"embeddable":true,"href":"https:\/\/fakhriyyaliyeva.com\/en\/wp-json\/wp\/v2\/comments?post=1355"}],"version-history":[{"count":6,"href":"https:\/\/fakhriyyaliyeva.com\/en\/wp-json\/wp\/v2\/pages\/1355\/revisions"}],"predecessor-version":[{"id":2784,"href":"https:\/\/fakhriyyaliyeva.com\/en\/wp-json\/wp\/v2\/pages\/1355\/revisions\/2784"}],"wp:attachment":[{"href":"https:\/\/fakhriyyaliyeva.com\/en\/wp-json\/wp\/v2\/media?parent=1355"}],"curies":[{"name":"wp","href":"https:\/\/api.w.org\/{rel}","templated":true}]}}