{"id":1375,"date":"2020-06-25T04:25:08","date_gmt":"2020-06-25T04:25:08","guid":{"rendered":"https:\/\/dev.artemsemkin.com\/rhye\/wp\/?page_id=1375"},"modified":"2024-01-05T19:50:39","modified_gmt":"2024-01-05T19:50:39","slug":"fealiyyetlerim","status":"publish","type":"page","link":"https:\/\/fakhriyyaliyeva.com\/en\/fealiyyetlerim\/","title":{"rendered":"F\u0259aliyy\u0259tl\u0259rim"},"content":{"rendered":"<div data-elementor-type=\"wp-page\" data-elementor-id=\"1375\" class=\"elementor elementor-1375\">\n\t\t\t\t\t\t\t\t\t<section class=\"elementor-section elementor-top-section elementor-element elementor-element-d1e1f1d elementor-section-full_width bg-light-3 elementor-section-height-default elementor-section-height-default\" data-id=\"d1e1f1d\" data-element_type=\"section\" data-settings=\"{&quot;theme_section_color&quot;:&quot;bg-light-3&quot;}\">\n\t\t\t\t\t\t<div class=\"elementor-container elementor-column-gap-no\">\n\t\t\t\t\t<div class=\"elementor-column elementor-col-100 elementor-top-column elementor-element elementor-element-b4dfc68\" data-id=\"b4dfc68\" data-element_type=\"column\">\n\t\t\t<div class=\"elementor-widget-wrap elementor-element-populated\">\n\t\t\t\t\t\t\t\t<div class=\"elementor-element elementor-element-bf15206 elementor-widget elementor-widget-rhye-widget-portfolio-halfscreen-slider\" data-id=\"bf15206\" data-element_type=\"widget\" data-widget_type=\"rhye-widget-portfolio-halfscreen-slider.default\">\n\t\t\t\t<div class=\"elementor-widget-container\">\n\t\t\t\t\t\t\t\t\t\t\t<div class=\"section section-fullheight section-projects section-projects-slider overflow text-left\" data-arts-os-animation=\"true\">\n\t\t\t\t<div class=\"section-fullheight__inner section-fullheight__inner_mobile\">\n\t\t\t\t\t<div class=\"slider slider-fullscreen-projects slider-halfscreen-projects js-slider-fullscreen-projects js-slider\">\n\t\t\t\t\t\t<div class=\"container h-100 z-50 position-relative slider-halfscreen-projects__container\">\n\t\t\t\t\t\t\t<div class=\"row no-gutters h-100 justify-content-between\">\n\t\t\t\t\t\t\t\t<div class=\"col-lg-6 align-self-lg-center z-100 slider-halfscreen-projects__col slider-halfscreen-projects__col-content pointer-events-none order-lg-2\">\n\t\t\t\t\t\t\t\t\t<!-- slider CONTENT -->\n\t\t\t\t\t\t\t\t\t<div class=\"slider-halfscreen-projects__content container-fluid container-fluid_paddings swiper swiper-container js-slider-fullscreen-projects__content pr-0\">\n\t\t\t\t\t\t\t\t\t\t<div class=\"swiper-wrapper\">\n\t\t\t\t\t\t\t\t\t\t\t\t\t\t\t\t\t\t\t\t\t\t\t<div class=\"swiper-slide\">\n\t\t\t\t\t\t\t\t\t\t\t\t\t\t\t\t\t\t\t\t\t\t\t\t\t\t\t\t\t\t\t\t\t\t\t\t\t\t\t\t\t<h3 class=\"slider__heading h3 split-text js-split-text\" data-split-text-type=\"lines, words, chars\" data-split-text-set=\"chars\">\"Partners &amp; Business\" exhibition<\/h3>\n\t\t\t\t\t\t\t\t\t\t\t\t\t\t\t\t\t\t\t\t\t\t\t\t\t\t\t\t\t<p class=\"slider__text mt-1 paragraph split-text js-split-text\" data-split-text-type=\"lines\" data-split-text-set=\"lines\">Joint organization of Small and Medium Business Development Agency, National Confederation of Entrepreneurial Organizations of the Republic of Azerbaijan (Employers), State Employment Agency and \"Marsol\" LLC, official partnership of \"Kapital Bank\", sponsorship of \"Gayo Group\", \"Grow Audit\" exhibition of services provided by local companies operating in the fields of industry, agriculture, food, Information and Communication Technologies, education, construction, logistics, textile and other fields, import, export and display of manufactured products. <\/p>\n\t\t\t\t\t\t\t\t\t\t\t\t\t\t\t\t\t\t\t\t\t\t\t\t\t\t\t\t<div class=\"slider__wrapper-button mt-lg-2 mt-1 pb-lg-1 pb-0 pointer-events-auto\">\n\t\t\t\t\t\t\t\t\t\t\t\t\t\t\t\t\t\t\t\t\t\t\t\t\t\t\t\t\t\t<a class=\"button button_solid bg-dark-1\" data-hover=\"Daha \u018ftrafl\u0131\" href=\"https:\/\/fakhriyyaliyeva.com\/en\/portfolio\/partners-business\/\">\n\t\t\t\t\t\t\t\t\t\t\t\t\t\t\t\t<span class=\"button__label-hover\">More details<\/span>\n\t\t\t\t\t\t\t\t\t\t\t\t\t\t\t<\/a>\n\t\t\t\t\t\t\t\t\t\t\t\t\t\t<\/div>\n\t\t\t\t\t\t\t\t\t\t\t\t\t\t\t\t\t\t\t\t\t\t\t\t\t\t\t\t\t\t\t\t\t\t\t\t\t\t<\/div>\n\t\t\t\t\t\t\t\t\t\t\t\t\t\t\t\t\t\t\t\t\t\t\t<div class=\"swiper-slide\">\n\t\t\t\t\t\t\t\t\t\t\t\t\t\t\t\t\t\t\t\t\t\t\t\t\t\t\t\t\t\t\t\t\t\t\t\t\t\t\t\t\t<h3 class=\"slider__heading h3 split-text js-split-text\" data-split-text-type=\"lines, words, chars\" data-split-text-set=\"chars\">Exhibition of local companies on \"Heydar Aliyev and Azerbaijani entrepreneurship\".<\/h3>\n\t\t\t\t\t\t\t\t\t\t\t\t\t\t\t\t\t\t\t\t\t\t\t\t\t\t\t\t\t<p class=\"slider__text mt-1 paragraph split-text js-split-text\" data-split-text-type=\"lines\" data-split-text-set=\"lines\">The products and services of more than 150 companies operating in industry, agriculture, food, ICT, education, construction, logistics, textile and other fields were presented at the exhibition of local companies to be held in connection with the 100th anniversary of the great leader.<\/p>\n\t\t\t\t\t\t\t\t\t\t\t\t\t\t\t\t\t\t\t\t\t\t\t\t\t\t\t\t<div class=\"slider__wrapper-button mt-lg-2 mt-1 pb-lg-1 pb-0 pointer-events-auto\">\n\t\t\t\t\t\t\t\t\t\t\t\t\t\t\t\t\t\t\t\t\t\t\t\t\t\t\t\t\t\t<a class=\"button button_solid bg-dark-1\" data-hover=\"Daha \u018ftrafl\u0131\" href=\"https:\/\/fakhriyyaliyeva.com\/en\/portfolio\/heyd%c9%99r-eliyev-v%c9%99-az%c9%99rbaycan-sahibkarligi-movzusunda-yerli-sirk%c9%99tl%c9%99rin-s%c9%99rgisi\/\">\n\t\t\t\t\t\t\t\t\t\t\t\t\t\t\t\t<span class=\"button__label-hover\">More details<\/span>\n\t\t\t\t\t\t\t\t\t\t\t\t\t\t\t<\/a>\n\t\t\t\t\t\t\t\t\t\t\t\t\t\t<\/div>\n\t\t\t\t\t\t\t\t\t\t\t\t\t\t\t\t\t\t\t\t\t\t\t\t\t\t\t\t\t\t\t\t\t\t\t\t\t\t<\/div>\n\t\t\t\t\t\t\t\t\t\t\t\t\t\t\t\t\t\t\t\t\t\t\t<div class=\"swiper-slide\">\n\t\t\t\t\t\t\t\t\t\t\t\t\t\t\t\t\t\t\t\t\t\t\t\t\t\t\t\t\t\t\t\t\t\t\t\t\t\t\t\t\t<h3 class=\"slider__heading h3 split-text js-split-text\" data-split-text-type=\"lines, words, chars\" data-split-text-set=\"chars\">German exhibition<\/h3>\n\t\t\t\t\t\t\t\t\t\t\t\t\t\t\t\t\t\t\t\t\t\t\t\t\t\t\t\t<div class=\"slider__wrapper-button mt-lg-2 mt-1 pb-lg-1 pb-0 pointer-events-auto\">\n\t\t\t\t\t\t\t\t\t\t\t\t\t\t\t\t\t\t\t\t\t\t\t\t\t\t\t\t\t\t<a class=\"button button_solid bg-dark-1\" data-hover=\"Daha \u018ftrafl\u0131\" href=\"https:\/\/fakhriyyaliyeva.com\/en\/portfolio\/almaniya-sergisi\/\">\n\t\t\t\t\t\t\t\t\t\t\t\t\t\t\t\t<span class=\"button__label-hover\">More details<\/span>\n\t\t\t\t\t\t\t\t\t\t\t\t\t\t\t<\/a>\n\t\t\t\t\t\t\t\t\t\t\t\t\t\t<\/div>\n\t\t\t\t\t\t\t\t\t\t\t\t\t\t\t\t\t\t\t\t\t\t\t\t\t\t\t\t\t\t\t\t\t\t\t\t\t\t<\/div>\n\t\t\t\t\t\t\t\t\t\t\t\t\t\t\t\t\t\t\t\t\t\t\t<div class=\"swiper-slide\">\n\t\t\t\t\t\t\t\t\t\t\t\t\t\t\t\t\t\t\t\t\t\t\t\t\t\t\t\t\t\t\t\t\t\t\t\t\t\t\t\t\t<h3 class=\"slider__heading h3 split-text js-split-text\" data-split-text-type=\"lines, words, chars\" data-split-text-set=\"chars\">Istanbul exhibition<\/h3>\n\t\t\t\t\t\t\t\t\t\t\t\t\t\t\t\t\t\t\t\t\t\t\t\t\t\t\t\t\t<p class=\"slider__text mt-1 paragraph split-text js-split-text\" data-split-text-type=\"lines\" data-split-text-set=\"lines\">Everything flows, everything changes in Istanbul. Because the Istanbul home textile fair is changing the world. We are also changing. People who come here also change. Once a year, the home world is exhibited here in a magnificent variety.<\/p>\n\t\t\t\t\t\t\t\t\t\t\t\t\t\t\t\t\t\t\t\t\t\t\t\t\t\t\t\t<div class=\"slider__wrapper-button mt-lg-2 mt-1 pb-lg-1 pb-0 pointer-events-auto\">\n\t\t\t\t\t\t\t\t\t\t\t\t\t\t\t\t\t\t\t\t\t\t\t\t\t\t\t\t\t\t<a class=\"button button_solid bg-dark-1\" data-hover=\"Daha \u018ftrafl\u0131\" href=\"https:\/\/fakhriyyaliyeva.com\/en\/portfolio\/istanbul-sergisi\/\">\n\t\t\t\t\t\t\t\t\t\t\t\t\t\t\t\t<span class=\"button__label-hover\">More details<\/span>\n\t\t\t\t\t\t\t\t\t\t\t\t\t\t\t<\/a>\n\t\t\t\t\t\t\t\t\t\t\t\t\t\t<\/div>\n\t\t\t\t\t\t\t\t\t\t\t\t\t\t\t\t\t\t\t\t\t\t\t\t\t\t\t\t\t\t\t\t\t\t\t\t\t\t<\/div>\n\t\t\t\t\t\t\t\t\t\t\t\t\t\t\t\t\t\t\t\t\t<\/div>\n\t\t\t\t\t\t\t\t\t<\/div>\n\t\t\t\t\t\t\t\t\t<!-- - slider CONTENT -->\n\t\t\t\t\t\t\t\t<\/div>\n\t\t\t\t\t\t\t\t<div class=\"col-lg-6 slider-halfscreen-projects__col\">\n\t\t\t\t\t\t\t\t\t<!-- slider IMAGES -->\n\t\t\t\t\t\t\t\t\t<div class=\"slider-fullscreen-projects__images slider-halfscreen-projects__images swiper swiper-container js-slider-fullscreen-projects__images\" data-speed=\"1200\" data-direction=\"horizontal\" data-transition-effect=\"parallax\" data-touch-ratio=\"1.5\" data-counter-style=\"roman\" data-counter-add-zeros=\"\" data-drag-mouse=\"true\" data-drag-cursor=\"true\" data-drag-class=\"slider-fullscreen-projects__images_scale-up\" data-autoplay-enabled=\"true\" data-autoplay-delay=\"6000\" data-mousewheel-enabled=\"true\" data-keyboard-enabled=\"true\" data-prefetch-active-slide-transition=\"true\" data-aspect-ratio=\"1.4997070884593\">\n\t\t\t\t\t\t\t\t\t\t<div class=\"swiper-wrapper\">\n\t\t\t\t\t\t\t\t\t\t\t\t\t\t\t\t\t\t\t\t\t\t\t<div class=\"swiper-slide overflow\">\n\t\t\t\t\t\t\t\t\t\t\t\t\t<div class=\"slider__images-slide-inner js-transition-img overflow\" data-swiper-parallax=\"34%\">\n\t\t\t\t\t\t\t\t\t\t\t\t\t\t\t\t\t\t\t\t\t\t\t\t\t\t\t\t\t\t<img loading=\"lazy\" decoding=\"async\" class=\"slider__bg js-transition-img__transformed-el swiper-lazy of-cover\" src=\"data:image\/png;base64,iVBORw0KGgoAAAANSUhEUgAAAAEAAAABCAQAAAHCGzyUAAAABGdBTUEAALGPC\/xhBQAAADhlWElmTU0AKgAAAAgAAYdpAAQAAAABAAAAGgAAAAAAAqACAAQAAAABAAAAAaADAAQAAAABAAAAAQAAAADa6r\/EAAAAC0lEQVQI12NolQQAASYAn89qhTcAAAAASUVORK5CYII=\" data-src=\"https:\/\/fakhriyyaliyeva.com\/wp-content\/uploads\/2020\/05\/IMG_2393-scaled.jpg\" width=\"2560\" height=\"1707\"  data-srcset=\"https:\/\/fakhriyyaliyeva.com\/wp-content\/uploads\/2020\/05\/IMG_2393-scaled.jpg 2560w, https:\/\/fakhriyyaliyeva.com\/wp-content\/uploads\/2020\/05\/IMG_2393-300x200.jpg 300w, https:\/\/fakhriyyaliyeva.com\/wp-content\/uploads\/2020\/05\/IMG_2393-1024x683.jpg 1024w, https:\/\/fakhriyyaliyeva.com\/wp-content\/uploads\/2020\/05\/IMG_2393-768x512.jpg 768w, https:\/\/fakhriyyaliyeva.com\/wp-content\/uploads\/2020\/05\/IMG_2393-1536x1024.jpg 1536w, https:\/\/fakhriyyaliyeva.com\/wp-content\/uploads\/2020\/05\/IMG_2393-2048x1365.jpg 2048w, https:\/\/fakhriyyaliyeva.com\/wp-content\/uploads\/2020\/05\/IMG_2393-1920x1280.jpg 1920w\"   data-sizes=\"(max-width: 2560px) 100vw, 2560px\"  alt=\"\" \/>\n\t\t\t\t\t\t\t\t\t\t\t\t\t\t\t\t\t\t\t\t\t\t\t\t\t\t\t\t\t\t\t\t\t<\/div>\n\t\t\t\t\t\t\t\t\t\t\t\t<\/div>\n\t\t\t\t\t\t\t\t\t\t\t\t\t\t\t\t\t\t\t\t\t\t\t<div class=\"swiper-slide overflow\">\n\t\t\t\t\t\t\t\t\t\t\t\t\t<div class=\"slider__images-slide-inner js-transition-img overflow\" data-swiper-parallax=\"34%\">\n\t\t\t\t\t\t\t\t\t\t\t\t\t\t\t\t\t\t\t\t\t\t\t\t\t\t\t\t\t\t<img loading=\"lazy\" decoding=\"async\" class=\"slider__bg js-transition-img__transformed-el swiper-lazy of-cover\" src=\"data:image\/png;base64,iVBORw0KGgoAAAANSUhEUgAAAAEAAAABCAQAAAHCGzyUAAAABGdBTUEAALGPC\/xhBQAAADhlWElmTU0AKgAAAAgAAYdpAAQAAAABAAAAGgAAAAAAAqACAAQAAAABAAAAAaADAAQAAAABAAAAAQAAAADa6r\/EAAAAC0lEQVQI12NolQQAASYAn89qhTcAAAAASUVORK5CYII=\" data-src=\"https:\/\/fakhriyyaliyeva.com\/wp-content\/uploads\/2020\/06\/img-3.png\" width=\"1920\" height=\"1280\"  data-srcset=\"https:\/\/fakhriyyaliyeva.com\/wp-content\/uploads\/2020\/06\/img-3.png 1920w, https:\/\/fakhriyyaliyeva.com\/wp-content\/uploads\/2020\/06\/img-3-300x200.png 300w, https:\/\/fakhriyyaliyeva.com\/wp-content\/uploads\/2020\/06\/img-3-1024x683.png 1024w, https:\/\/fakhriyyaliyeva.com\/wp-content\/uploads\/2020\/06\/img-3-768x512.png 768w, https:\/\/fakhriyyaliyeva.com\/wp-content\/uploads\/2020\/06\/img-3-1536x1024.png 1536w\"   data-sizes=\"(max-width: 1920px) 100vw, 1920px\"  alt=\"\" \/>\n\t\t\t\t\t\t\t\t\t\t\t\t\t\t\t\t\t\t\t\t\t\t\t\t\t\t\t\t\t\t\t\t\t<\/div>\n\t\t\t\t\t\t\t\t\t\t\t\t<\/div>\n\t\t\t\t\t\t\t\t\t\t\t\t\t\t\t\t\t\t\t\t\t\t\t<div class=\"swiper-slide overflow\">\n\t\t\t\t\t\t\t\t\t\t\t\t\t<div class=\"slider__images-slide-inner js-transition-img overflow\" data-swiper-parallax=\"34%\">\n\t\t\t\t\t\t\t\t\t\t\t\t\t\t\t\t\t\t\t\t\t\t\t\t\t\t\t\t\t\t<img loading=\"lazy\" decoding=\"async\" class=\"slider__bg js-transition-img__transformed-el swiper-lazy of-cover\" src=\"data:image\/png;base64,iVBORw0KGgoAAAANSUhEUgAAAAEAAAABCAQAAAHCGzyUAAAABGdBTUEAALGPC\/xhBQAAADhlWElmTU0AKgAAAAgAAYdpAAQAAAABAAAAGgAAAAAAAqACAAQAAAABAAAAAaADAAQAAAABAAAAAQAAAADa6r\/EAAAAC0lEQVQI12NolQQAASYAn89qhTcAAAAASUVORK5CYII=\" data-src=\"https:\/\/fakhriyyaliyeva.com\/wp-content\/uploads\/2024\/01\/IMG_5171.png\" width=\"3024\" height=\"4067\"  data-srcset=\"https:\/\/fakhriyyaliyeva.com\/wp-content\/uploads\/2024\/01\/IMG_5171.png 3024w, https:\/\/fakhriyyaliyeva.com\/wp-content\/uploads\/2024\/01\/IMG_5171-223x300.png 223w, https:\/\/fakhriyyaliyeva.com\/wp-content\/uploads\/2024\/01\/IMG_5171-761x1024.png 761w, https:\/\/fakhriyyaliyeva.com\/wp-content\/uploads\/2024\/01\/IMG_5171-768x1033.png 768w, https:\/\/fakhriyyaliyeva.com\/wp-content\/uploads\/2024\/01\/IMG_5171-1142x1536.png 1142w, https:\/\/fakhriyyaliyeva.com\/wp-content\/uploads\/2024\/01\/IMG_5171-1523x2048.png 1523w\"   data-sizes=\"(max-width: 3024px) 100vw, 3024px\"  alt=\"\" \/>\n\t\t\t\t\t\t\t\t\t\t\t\t\t\t\t\t\t\t\t\t\t\t\t\t\t\t\t\t\t\t\t\t\t<\/div>\n\t\t\t\t\t\t\t\t\t\t\t\t<\/div>\n\t\t\t\t\t\t\t\t\t\t\t\t\t\t\t\t\t\t\t\t\t\t\t<div class=\"swiper-slide overflow\">\n\t\t\t\t\t\t\t\t\t\t\t\t\t<div class=\"slider__images-slide-inner js-transition-img overflow\" data-swiper-parallax=\"34%\">\n\t\t\t\t\t\t\t\t\t\t\t\t\t\t\t\t\t\t\t\t\t\t\t\t\t\t\t\t\t\t<img loading=\"lazy\" decoding=\"async\" class=\"slider__bg js-transition-img__transformed-el swiper-lazy of-cover\" src=\"data:image\/png;base64,iVBORw0KGgoAAAANSUhEUgAAAAEAAAABCAQAAAHCGzyUAAAABGdBTUEAALGPC\/xhBQAAADhlWElmTU0AKgAAAAgAAYdpAAQAAAABAAAAGgAAAAAAAqACAAQAAAABAAAAAaADAAQAAAABAAAAAQAAAADa6r\/EAAAAC0lEQVQI12NolQQAASYAn89qhTcAAAAASUVORK5CYII=\" data-src=\"https:\/\/fakhriyyaliyeva.com\/wp-content\/uploads\/2023\/12\/3-1.jpg\" width=\"1080\" height=\"1080\"  data-srcset=\"https:\/\/fakhriyyaliyeva.com\/wp-content\/uploads\/2023\/12\/3-1.jpg 1080w, https:\/\/fakhriyyaliyeva.com\/wp-content\/uploads\/2023\/12\/3-1-300x300.jpg 300w, https:\/\/fakhriyyaliyeva.com\/wp-content\/uploads\/2023\/12\/3-1-1024x1024.jpg 1024w, https:\/\/fakhriyyaliyeva.com\/wp-content\/uploads\/2023\/12\/3-1-150x150.jpg 150w, https:\/\/fakhriyyaliyeva.com\/wp-content\/uploads\/2023\/12\/3-1-768x768.jpg 768w\"   data-sizes=\"(max-width: 1080px) 100vw, 1080px\"  alt=\"\" \/>\n\t\t\t\t\t\t\t\t\t\t\t\t\t\t\t\t\t\t\t\t\t\t\t\t\t\t\t\t\t\t\t\t\t<\/div>\n\t\t\t\t\t\t\t\t\t\t\t\t<\/div>\n\t\t\t\t\t\t\t\t\t\t\t\t\t\t\t\t\t\t\t\t\t<\/div>\n\t\t\t\t\t\t\t\t\t<\/div>\n\t\t\t\t\t\t\t\t\t<!-- - slider IMAGES -->\n\n\t\t\t\t\t\t\t\t\t\n\t\t\t\t\t\t\t\t\t<!-- overlay -->\n\t\t\t\t\t\t\t\t\t<div class=\"slider__overlay overlay z-50 d-lg-none\"><\/div>\n\t\t\t\t\t\t\t\t\t<!-- - overlay -->\n\t\t\t\t\t\t\t\t<\/div>\n\t\t\t\t\t\t\t<\/div>\n\t\t\t\t\t\t<\/div>\n\n\t\t\t\t\t\t\t\t\t\t\t\t\t<!-- slider COUNTER -->\n\t\t\t\t\t\t\t<div class=\"slider__wrapper-counter slider-fullscreen-projects__counter slider-fullscreen-projects__counter_right\">\n\t\t\t\t\t\t\t\t<div class=\"slider__counter slider__counter_current\">\n\t\t\t\t\t\t\t\t\t<div class=\"js-slider-fullscreen-projects__counter-current swiper swiper-container\">\n\t\t\t\t\t\t\t\t\t\t<div class=\"swiper-wrapper\"><\/div>\n\t\t\t\t\t\t\t\t\t<\/div>\n\t\t\t\t\t\t\t\t<\/div>\n\t\t\t\t\t\t\t\t<div class=\"slider__counter-divider slider-fullscreen__counter-divider\"><\/div>\n\t\t\t\t\t\t\t\t<div class=\"slider__counter slider__counter_total js-slider-fullscreen-projects__counter-total\"><\/div>\n\t\t\t\t\t\t\t<\/div>\n\t\t\t\t\t\t\t<!-- - slider COUNTER -->\n\t\t\t\t\t\t\n\t\t\t\t\t\t\t\t\t\t\t\t\t\t\t\t\t\t\t\t\t<!-- slider ARROWS -->\n\t\t\t\t\t\t\t\t<div class=\"slider__arrow slider__arrow_left slider__arrow_absolute js-slider__arrow-prev\">\n\t\t\t\t\t\t\t\t\t\t\t<div class=\"js-arrow arrow arrow-left\" data-arts-cursor=\"true\" data-arts-cursor-scale=\"0\" data-arts-cursor-magnetic=\"true\" data-arts-cursor-hide-native=\"true\">\n\t\t\t<svg class=\"svg-circle\" viewbox=\"0 0 60 60\" width=\"60\" height=\"60\" version=\"1.1\" xmlns=\"http:\/\/www.w3.org\/2000\/svg\" xmlns:xlink=\"http:\/\/www.w3.org\/1999\/xlink\">\n\t<circle class=\"circle\" cx=\"30\" cy=\"30\" r=\"29\" fill=\"none\"><\/circle>\n<\/svg>\n\t\t\t<div class=\"arrow__pointer arrow-left__pointer\"><\/div>\n\t\t\t<div class=\"arrow__triangle\"><\/div>\n\t\t<\/div>\n\t\t\t\t\t\t\t\t\t\t<\/div>\n\t\t\t\t\t\t\t\t<div class=\"slider__arrow slider__arrow_right slider__arrow_absolute js-slider__arrow-next\">\n\t\t\t\t\t\t\t\t\t\t\t<div class=\"js-arrow arrow arrow-right\" data-arts-cursor=\"true\" data-arts-cursor-scale=\"0\" data-arts-cursor-magnetic=\"true\" data-arts-cursor-hide-native=\"true\">\n\t\t\t<svg class=\"svg-circle\" viewbox=\"0 0 60 60\" width=\"60\" height=\"60\" version=\"1.1\" xmlns=\"http:\/\/www.w3.org\/2000\/svg\" xmlns:xlink=\"http:\/\/www.w3.org\/1999\/xlink\">\n\t<circle class=\"circle\" cx=\"30\" cy=\"30\" r=\"29\" fill=\"none\"><\/circle>\n<\/svg>\n\t\t\t<div class=\"arrow__pointer arrow-right__pointer\"><\/div>\n\t\t\t<div class=\"arrow__triangle\"><\/div>\n\t\t<\/div>\n\t\t\t\t\t\t\t\t\t\t<\/div>\n\t\t\t\t\t\t\t\t<!-- - slider ARROWS -->\n\t\t\t\t\t\t\t\t\t\t\t\t\t\n\t\t\t\t\t\t\n\t\t\t\t\t\t\t\t\t\t\t\t\t<div class=\"slider__circle\"><div class=\"slider__circle-geometry\"><\/div><\/div>\n\t\t\t\t\t\t\t\t\t\t\t<\/div>\n\t\t\t\t<\/div>\n\t\t\t<\/div>\n\t\t\n\t\t\t\t<\/div>\n\t\t\t\t<\/div>\n\t\t\t\t\t<\/div>\n\t\t<\/div>\n\t\t\t\t\t\t\t<\/div>\n\t\t<\/section>\n\t\t\t\t\t\t\t<\/div>","protected":false},"excerpt":{"rendered":"<p>&#8220;Partners &#038; Business&#8221; s\u0259rgisi Ki\u00e7ik v\u0259 Orta Biznesin \u0130nki\u015faf\u0131 Agentliyi, Az\u0259rbaycan Respublikas\u0131 (\u0130\u015f\u0259g\u00f6t\u00fcr\u0259nl\u0259r) Sahibkarlar T\u0259\u015fkilatlar\u0131 Milli Konfederasiyas\u0131, D\u00f6vl\u0259t M\u0259\u015f\u011fulluq Agentliyi v\u0259 &#8220;Marsol&#8221; MMC-nin birg\u0259 t\u0259\u015fkilat\u00e7\u0131l\u0131\u011f\u0131, \u201cKapital Bank\u201d\u0131n r\u0259smi t\u0259r\u0259fda\u015fl\u0131\u011f\u0131, \u201cQayo Group\u201dun sponsorlu\u011fu, \u201cGrow Audit\u201din t\u0259r\u0259fda\u015fl\u0131\u011f\u0131 il\u0259 ke\u00e7iril\u0259c\u0259k s\u0259rgid\u0259 s\u0259naye, k\u0259nd t\u0259s\u0259rr\u00fcfat\u0131, qida, \u0130nformasiya-Kommunikasiya Texnologiyalar\u0131, t\u0259hsil, in\u015faat, logistika, tekstil v\u0259 dig\u0259r sah\u0259l\u0259rd\u0259 f\u0259aliyy\u0259td\u0259 olan yerli \u015firk\u0259tl\u0259r [&hellip;]<\/p>","protected":false},"author":1,"featured_media":0,"parent":0,"menu_order":0,"comment_status":"closed","ping_status":"closed","template":"elementor_header_footer","meta":{"footnotes":""},"acf":[],"_links":{"self":[{"href":"https:\/\/fakhriyyaliyeva.com\/en\/wp-json\/wp\/v2\/pages\/1375"}],"collection":[{"href":"https:\/\/fakhriyyaliyeva.com\/en\/wp-json\/wp\/v2\/pages"}],"about":[{"href":"https:\/\/fakhriyyaliyeva.com\/en\/wp-json\/wp\/v2\/types\/page"}],"author":[{"embeddable":true,"href":"https:\/\/fakhriyyaliyeva.com\/en\/wp-json\/wp\/v2\/users\/1"}],"replies":[{"embeddable":true,"href":"https:\/\/fakhriyyaliyeva.com\/en\/wp-json\/wp\/v2\/comments?post=1375"}],"version-history":[{"count":0,"href":"https:\/\/fakhriyyaliyeva.com\/en\/wp-json\/wp\/v2\/pages\/1375\/revisions"}],"wp:attachment":[{"href":"https:\/\/fakhriyyaliyeva.com\/en\/wp-json\/wp\/v2\/media?parent=1375"}],"curies":[{"name":"wp","href":"https:\/\/api.w.org\/{rel}","templated":true}]}}